{"id":18,"date":"2022-11-23T14:41:49","date_gmt":"2022-11-23T20:41:49","guid":{"rendered":"http:\/\/cerrajeriaroca.com\/?page_id=18"},"modified":"2023-11-06T17:17:54","modified_gmt":"2023-11-06T23:17:54","slug":"nosotros","status":"publish","type":"page","link":"https:\/\/cerrajeriaroca.com\/index.php\/nosotros\/","title":{"rendered":"Nosotros"},"content":{"rendered":"\t\t<div data-elementor-type=\"wp-page\" data-elementor-id=\"18\" class=\"elementor elementor-18\">\n\t\t\t\t\t\t\t\t\t<section class=\"elementor-section elementor-top-section elementor-element elementor-element-6009696 elementor-section-boxed elementor-section-height-default elementor-section-height-default wpr-particle-no wpr-jarallax-no wpr-parallax-no wpr-sticky-section-no\" data-id=\"6009696\" data-element_type=\"section\" data-settings=\"{&quot;shape_divider_top&quot;:&quot;split&quot;,&quot;ekit_has_onepagescroll_dot&quot;:&quot;yes&quot;}\">\n\t\t\t\t\t<div class=\"elementor-shape elementor-shape-top\" data-negative=\"false\">\n\t\t\t<svg xmlns=\"http:\/\/www.w3.org\/2000\/svg\" viewBox=\"0 0 1000 20\" preserveAspectRatio=\"none\">\n\t<path class=\"elementor-shape-fill\" d=\"M0,0v3c0,0,393.8,0,483.4,0c9.2,0,16.6,7.4,16.6,16.6c0-9.1,7.4-16.6,16.6-16.6C606.2,3,1000,3,1000,3V0H0z\"\/>\n<\/svg>\t\t<\/div>\n\t\t\t\t\t<div class=\"elementor-container elementor-column-gap-default\">\n\t\t\t\t\t<div class=\"elementor-column elementor-col-100 elementor-top-column elementor-element elementor-element-446a32d\" data-id=\"446a32d\" data-element_type=\"column\">\n\t\t\t<div class=\"elementor-widget-wrap elementor-element-populated\">\n\t\t\t\t\t\t\t\t<div class=\"elementor-element elementor-element-840e974 elementor-widget elementor-widget-spacer\" data-id=\"840e974\" data-element_type=\"widget\" data-settings=\"{&quot;ekit_we_effect_on&quot;:&quot;none&quot;}\" data-widget_type=\"spacer.default\">\n\t\t\t\t<div class=\"elementor-widget-container\">\n\t\t\t<style>\/*! elementor - v3.17.0 - 01-11-2023 *\/\n.elementor-column .elementor-spacer-inner{height:var(--spacer-size)}.e-con{--container-widget-width:100%}.e-con-inner>.elementor-widget-spacer,.e-con>.elementor-widget-spacer{width:var(--container-widget-width,var(--spacer-size));--align-self:var(--container-widget-align-self,initial);--flex-shrink:0}.e-con-inner>.elementor-widget-spacer>.elementor-widget-container,.e-con>.elementor-widget-spacer>.elementor-widget-container{height:100%;width:100%}.e-con-inner>.elementor-widget-spacer>.elementor-widget-container>.elementor-spacer,.e-con>.elementor-widget-spacer>.elementor-widget-container>.elementor-spacer{height:100%}.e-con-inner>.elementor-widget-spacer>.elementor-widget-container>.elementor-spacer>.elementor-spacer-inner,.e-con>.elementor-widget-spacer>.elementor-widget-container>.elementor-spacer>.elementor-spacer-inner{height:var(--container-widget-height,var(--spacer-size))}.e-con-inner>.elementor-widget-spacer.elementor-widget-empty,.e-con>.elementor-widget-spacer.elementor-widget-empty{position:relative;min-height:22px;min-width:22px}.e-con-inner>.elementor-widget-spacer.elementor-widget-empty .elementor-widget-empty-icon,.e-con>.elementor-widget-spacer.elementor-widget-empty .elementor-widget-empty-icon{position:absolute;top:0;bottom:0;left:0;right:0;margin:auto;padding:0;width:22px;height:22px}<\/style>\t\t<div class=\"elementor-spacer\">\n\t\t\t<div class=\"elementor-spacer-inner\"><\/div>\n\t\t<\/div>\n\t\t\t\t<\/div>\n\t\t\t\t<\/div>\n\t\t\t\t\t<\/div>\n\t\t<\/div>\n\t\t\t\t\t\t\t<\/div>\n\t\t<\/section>\n\t\t\t\t<section class=\"elementor-section elementor-top-section elementor-element elementor-element-b579db4 elementor-section-boxed elementor-section-height-default elementor-section-height-default wpr-particle-no wpr-jarallax-no wpr-parallax-no wpr-sticky-section-no\" data-id=\"b579db4\" data-element_type=\"section\" data-settings=\"{&quot;ekit_has_onepagescroll_dot&quot;:&quot;yes&quot;}\">\n\t\t\t\t\t\t<div class=\"elementor-container elementor-column-gap-default\">\n\t\t\t\t\t<div class=\"elementor-column elementor-col-100 elementor-top-column elementor-element elementor-element-fa5da6e\" data-id=\"fa5da6e\" data-element_type=\"column\">\n\t\t\t<div class=\"elementor-widget-wrap elementor-element-populated\">\n\t\t\t\t\t\t\t\t<div class=\"elementor-element elementor-element-101a76c elementor-hidden-desktop elementor-widget elementor-widget-image\" data-id=\"101a76c\" data-element_type=\"widget\" data-settings=\"{&quot;ekit_we_effect_on&quot;:&quot;none&quot;}\" data-widget_type=\"image.default\">\n\t\t\t\t<div class=\"elementor-widget-container\">\n\t\t\t<style>\/*! elementor - v3.17.0 - 01-11-2023 *\/\n.elementor-widget-image{text-align:center}.elementor-widget-image a{display:inline-block}.elementor-widget-image a img[src$=\".svg\"]{width:48px}.elementor-widget-image img{vertical-align:middle;display:inline-block}<\/style>\t\t\t\t\t\t\t\t\t\t\t\t<img decoding=\"async\" loading=\"lazy\" width=\"673\" height=\"1024\" src=\"https:\/\/cerrajeriaroca.com\/wp-content\/uploads\/2022\/11\/jaye-haych-7tkDoo2L_Eg-unsplash-scaled-e1669327362374-673x1024.jpg\" class=\"attachment-large size-large wp-image-280\" alt=\"\" srcset=\"https:\/\/cerrajeriaroca.com\/wp-content\/uploads\/2022\/11\/jaye-haych-7tkDoo2L_Eg-unsplash-scaled-e1669327362374-673x1024.jpg 673w, https:\/\/cerrajeriaroca.com\/wp-content\/uploads\/2022\/11\/jaye-haych-7tkDoo2L_Eg-unsplash-scaled-e1669327362374-197x300.jpg 197w, https:\/\/cerrajeriaroca.com\/wp-content\/uploads\/2022\/11\/jaye-haych-7tkDoo2L_Eg-unsplash-scaled-e1669327362374-768x1168.jpg 768w, https:\/\/cerrajeriaroca.com\/wp-content\/uploads\/2022\/11\/jaye-haych-7tkDoo2L_Eg-unsplash-scaled-e1669327362374-1010x1536.jpg 1010w, https:\/\/cerrajeriaroca.com\/wp-content\/uploads\/2022\/11\/jaye-haych-7tkDoo2L_Eg-unsplash-scaled-e1669327362374.jpg 1126w\" sizes=\"(max-width: 673px) 100vw, 673px\" \/>\t\t\t\t\t\t\t\t\t\t\t\t\t\t\t<\/div>\n\t\t\t\t<\/div>\n\t\t\t\t\t<\/div>\n\t\t<\/div>\n\t\t\t\t\t\t\t<\/div>\n\t\t<\/section>\n\t\t\t\t<section class=\"elementor-section elementor-top-section elementor-element elementor-element-3308190 elementor-section-boxed elementor-section-height-default elementor-section-height-default wpr-particle-no wpr-jarallax-no wpr-parallax-no wpr-sticky-section-no\" data-id=\"3308190\" data-element_type=\"section\" data-settings=\"{&quot;ekit_has_onepagescroll_dot&quot;:&quot;yes&quot;}\">\n\t\t\t\t\t\t<div class=\"elementor-container elementor-column-gap-default\">\n\t\t\t\t\t<div class=\"elementor-column elementor-col-50 elementor-top-column elementor-element elementor-element-8065fb4 elementor-hidden-mobile\" data-id=\"8065fb4\" data-element_type=\"column\" data-settings=\"{&quot;background_background&quot;:&quot;classic&quot;}\">\n\t\t\t<div class=\"elementor-widget-wrap\">\n\t\t\t\t\t\t\t\t\t<\/div>\n\t\t<\/div>\n\t\t\t\t<div class=\"elementor-column elementor-col-50 elementor-top-column elementor-element elementor-element-2218159\" data-id=\"2218159\" data-element_type=\"column\" data-settings=\"{&quot;background_background&quot;:&quot;classic&quot;}\">\n\t\t\t<div class=\"elementor-widget-wrap elementor-element-populated\">\n\t\t\t\t\t\t\t\t<div class=\"elementor-element elementor-element-44f27ec elementor-widget elementor-widget-spacer\" data-id=\"44f27ec\" data-element_type=\"widget\" data-settings=\"{&quot;ekit_we_effect_on&quot;:&quot;none&quot;}\" data-widget_type=\"spacer.default\">\n\t\t\t\t<div class=\"elementor-widget-container\">\n\t\t\t\t\t<div class=\"elementor-spacer\">\n\t\t\t<div class=\"elementor-spacer-inner\"><\/div>\n\t\t<\/div>\n\t\t\t\t<\/div>\n\t\t\t\t<\/div>\n\t\t\t\t<div class=\"elementor-element elementor-element-6b31681 elementor-widget elementor-widget-heading\" data-id=\"6b31681\" data-element_type=\"widget\" data-settings=\"{&quot;ekit_we_effect_on&quot;:&quot;none&quot;}\" data-widget_type=\"heading.default\">\n\t\t\t\t<div class=\"elementor-widget-container\">\n\t\t\t<style>\/*! elementor - v3.17.0 - 01-11-2023 *\/\n.elementor-heading-title{padding:0;margin:0;line-height:1}.elementor-widget-heading .elementor-heading-title[class*=elementor-size-]>a{color:inherit;font-size:inherit;line-height:inherit}.elementor-widget-heading .elementor-heading-title.elementor-size-small{font-size:15px}.elementor-widget-heading .elementor-heading-title.elementor-size-medium{font-size:19px}.elementor-widget-heading .elementor-heading-title.elementor-size-large{font-size:29px}.elementor-widget-heading .elementor-heading-title.elementor-size-xl{font-size:39px}.elementor-widget-heading .elementor-heading-title.elementor-size-xxl{font-size:59px}<\/style><h2 class=\"elementor-heading-title elementor-size-default\">NOSOTROS<\/h2>\t\t<\/div>\n\t\t\t\t<\/div>\n\t\t\t\t<div class=\"elementor-element elementor-element-d436e5f elementor-widget elementor-widget-heading\" data-id=\"d436e5f\" data-element_type=\"widget\" data-settings=\"{&quot;ekit_we_effect_on&quot;:&quot;none&quot;}\" data-widget_type=\"heading.default\">\n\t\t\t\t<div class=\"elementor-widget-container\">\n\t\t\t<p class=\"elementor-heading-title elementor-size-default\">El correr de los a\u00f1os y los adelantos de la tecnolog\u00eda han hecho que proteger nuestros bienes sea cada d\u00eda m\u00e1s complejo.<\/p>\t\t<\/div>\n\t\t\t\t<\/div>\n\t\t\t\t<div class=\"elementor-element elementor-element-e0548cb elementor-widget elementor-widget-heading\" data-id=\"e0548cb\" data-element_type=\"widget\" data-settings=\"{&quot;ekit_we_effect_on&quot;:&quot;none&quot;}\" data-widget_type=\"heading.default\">\n\t\t\t\t<div class=\"elementor-widget-container\">\n\t\t\t<p class=\"elementor-heading-title elementor-size-default\">Debido a eso es que constantemente nuestro personal t\u00e9cnico es capacitado para poder impedir que usted y los suyos sean v\u00edctima de robo.<\/p>\t\t<\/div>\n\t\t\t\t<\/div>\n\t\t\t\t<div class=\"elementor-element elementor-element-49b248f elementor-widget elementor-widget-heading\" data-id=\"49b248f\" data-element_type=\"widget\" data-settings=\"{&quot;ekit_we_effect_on&quot;:&quot;none&quot;}\" data-widget_type=\"heading.default\">\n\t\t\t\t<div class=\"elementor-widget-container\">\n\t\t\t<p class=\"elementor-heading-title elementor-size-default\">Instalaci\u00f3n de llavines de alta seguridad, copias de llaves con chip de alto relieve, apertura de veh\u00edculos, residencias, cajas fuertes y mucho m\u00e1s, son nuestra especialidad desde hace m\u00e1s de 15 a\u00f1os.<\/p>\t\t<\/div>\n\t\t\t\t<\/div>\n\t\t\t\t<div class=\"elementor-element elementor-element-5fe3d5e elementor-widget elementor-widget-heading\" data-id=\"5fe3d5e\" data-element_type=\"widget\" data-settings=\"{&quot;ekit_we_effect_on&quot;:&quot;none&quot;}\" data-widget_type=\"heading.default\">\n\t\t\t\t<div class=\"elementor-widget-container\">\n\t\t\t<p class=\"elementor-heading-title elementor-size-default\">Ofreciendo servicio todos los d\u00edas del a\u00f1o las 24 horas.<\/p>\t\t<\/div>\n\t\t\t\t<\/div>\n\t\t\t\t<div class=\"elementor-element elementor-element-360a984 elementor-widget elementor-widget-heading\" data-id=\"360a984\" data-element_type=\"widget\" data-settings=\"{&quot;ekit_we_effect_on&quot;:&quot;none&quot;}\" data-widget_type=\"heading.default\">\n\t\t\t\t<div class=\"elementor-widget-container\">\n\t\t\t<p class=\"elementor-heading-title elementor-size-default\">Gracias por permitirnos seguirle sirviendo.<\/p>\t\t<\/div>\n\t\t\t\t<\/div>\n\t\t\t\t<div class=\"elementor-element elementor-element-6773f41 elementor-widget elementor-widget-spacer\" data-id=\"6773f41\" data-element_type=\"widget\" data-settings=\"{&quot;ekit_we_effect_on&quot;:&quot;none&quot;}\" data-widget_type=\"spacer.default\">\n\t\t\t\t<div class=\"elementor-widget-container\">\n\t\t\t\t\t<div class=\"elementor-spacer\">\n\t\t\t<div class=\"elementor-spacer-inner\"><\/div>\n\t\t<\/div>\n\t\t\t\t<\/div>\n\t\t\t\t<\/div>\n\t\t\t\t\t<\/div>\n\t\t<\/div>\n\t\t\t\t\t\t\t<\/div>\n\t\t<\/section>\n\t\t\t\t<section class=\"elementor-section elementor-top-section elementor-element elementor-element-7025bfc elementor-section-boxed elementor-section-height-default elementor-section-height-default wpr-particle-no wpr-jarallax-no wpr-parallax-no wpr-sticky-section-no\" data-id=\"7025bfc\" data-element_type=\"section\" data-settings=\"{&quot;ekit_has_onepagescroll_dot&quot;:&quot;yes&quot;}\">\n\t\t\t\t\t\t<div class=\"elementor-container elementor-column-gap-default\">\n\t\t\t\t\t<div class=\"elementor-column elementor-col-100 elementor-top-column elementor-element elementor-element-cda9da6\" data-id=\"cda9da6\" data-element_type=\"column\">\n\t\t\t<div class=\"elementor-widget-wrap elementor-element-populated\">\n\t\t\t\t\t\t\t\t<div class=\"elementor-element elementor-element-089b837 elementor-widget elementor-widget-spacer\" data-id=\"089b837\" data-element_type=\"widget\" data-settings=\"{&quot;ekit_we_effect_on&quot;:&quot;none&quot;}\" data-widget_type=\"spacer.default\">\n\t\t\t\t<div class=\"elementor-widget-container\">\n\t\t\t\t\t<div class=\"elementor-spacer\">\n\t\t\t<div class=\"elementor-spacer-inner\"><\/div>\n\t\t<\/div>\n\t\t\t\t<\/div>\n\t\t\t\t<\/div>\n\t\t\t\t\t<\/div>\n\t\t<\/div>\n\t\t\t\t\t\t\t<\/div>\n\t\t<\/section>\n\t\t\t\t\t\t\t<\/div>\n\t\t","protected":false},"excerpt":{"rendered":"<p>NOSOTROS El correr de los a\u00f1os y los adelantos de la tecnolog\u00eda han hecho que proteger nuestros bienes sea cada d\u00eda m\u00e1s complejo. Debido a eso es que constantemente nuestro personal t\u00e9cnico es capacitado para poder impedir que usted y los suyos sean v\u00edctima de robo. Instalaci\u00f3n de llavines de alta seguridad, copias de llaves [&hellip;]<\/p>\n","protected":false},"author":1,"featured_media":0,"parent":0,"menu_order":0,"comment_status":"closed","ping_status":"closed","template":"elementor_header_footer","meta":{"om_disable_all_campaigns":false,"_mi_skip_tracking":false,"_monsterinsights_sitenote_active":false,"_monsterinsights_sitenote_note":"","_monsterinsights_sitenote_category":0,"footnotes":"","_joinchat":[]},"yoast_head":"<!-- This site is optimized with the Yoast SEO plugin v21.5 - https:\/\/yoast.com\/wordpress\/plugins\/seo\/ -->\n<title>Nosotros - Cerrajer\u00eda Roca<\/title>\n<meta name=\"description\" content=\"El correr de los a\u00f1os y los adelantos de la tecnolog\u00eda han hecho que proteger nuestros bienes sea cada d\u00eda m\u00e1s complejo.\" \/>\n<meta name=\"robots\" content=\"index, follow, max-snippet:-1, max-image-preview:large, max-video-preview:-1\" \/>\n<link rel=\"canonical\" href=\"https:\/\/cerrajeriaroca.com\/index.php\/nosotros\/\" \/>\n<meta property=\"og:locale\" content=\"es_ES\" \/>\n<meta property=\"og:type\" content=\"article\" \/>\n<meta property=\"og:title\" content=\"Nosotros - Cerrajer\u00eda Roca\" \/>\n<meta property=\"og:description\" content=\"El correr de los a\u00f1os y los adelantos de la tecnolog\u00eda han hecho que proteger nuestros bienes sea cada d\u00eda m\u00e1s complejo.\" \/>\n<meta property=\"og:url\" content=\"https:\/\/cerrajeriaroca.com\/index.php\/nosotros\/\" \/>\n<meta property=\"og:site_name\" content=\"Cerrajer\u00eda Roca\" \/>\n<meta property=\"article:publisher\" content=\"https:\/\/www.facebook.com\/Alajuela.Cerrajeria.Roca\" \/>\n<meta property=\"article:modified_time\" content=\"2023-11-06T23:17:54+00:00\" \/>\n<meta property=\"og:image\" content=\"https:\/\/cerrajeriaroca.com\/wp-content\/uploads\/2022\/11\/jaye-haych-7tkDoo2L_Eg-unsplash-scaled-e1669327362374-673x1024.jpg\" \/>\n<meta name=\"twitter:card\" content=\"summary_large_image\" \/>\n<meta name=\"twitter:label1\" content=\"Est. reading time\" \/>\n\t<meta name=\"twitter:data1\" content=\"1 minuto\" \/>\n<script type=\"application\/ld+json\" class=\"yoast-schema-graph\">{\"@context\":\"https:\/\/schema.org\",\"@graph\":[{\"@type\":\"WebPage\",\"@id\":\"https:\/\/cerrajeriaroca.com\/index.php\/nosotros\/\",\"url\":\"https:\/\/cerrajeriaroca.com\/index.php\/nosotros\/\",\"name\":\"Nosotros - Cerrajer\u00eda Roca\",\"isPartOf\":{\"@id\":\"https:\/\/cerrajeriaroca.com\/#website\"},\"datePublished\":\"2022-11-23T20:41:49+00:00\",\"dateModified\":\"2023-11-06T23:17:54+00:00\",\"description\":\"El correr de los a\u00f1os y los adelantos de la tecnolog\u00eda han hecho que proteger nuestros bienes sea cada d\u00eda m\u00e1s complejo.\",\"breadcrumb\":{\"@id\":\"https:\/\/cerrajeriaroca.com\/index.php\/nosotros\/#breadcrumb\"},\"inLanguage\":\"es-CR\",\"potentialAction\":[{\"@type\":\"ReadAction\",\"target\":[\"https:\/\/cerrajeriaroca.com\/index.php\/nosotros\/\"]}]},{\"@type\":\"BreadcrumbList\",\"@id\":\"https:\/\/cerrajeriaroca.com\/index.php\/nosotros\/#breadcrumb\",\"itemListElement\":[{\"@type\":\"ListItem\",\"position\":1,\"name\":\"Portada\",\"item\":\"https:\/\/cerrajeriaroca.com\/\"},{\"@type\":\"ListItem\",\"position\":2,\"name\":\"Nosotros\"}]},{\"@type\":\"WebSite\",\"@id\":\"https:\/\/cerrajeriaroca.com\/#website\",\"url\":\"https:\/\/cerrajeriaroca.com\/\",\"name\":\"Cerrajer\u00eda Roca\",\"description\":\"Cerrajer\u00eda las 24 horas todos los d\u00edas del a\u00f1o.\",\"publisher\":{\"@id\":\"https:\/\/cerrajeriaroca.com\/#organization\"},\"potentialAction\":[{\"@type\":\"SearchAction\",\"target\":{\"@type\":\"EntryPoint\",\"urlTemplate\":\"https:\/\/cerrajeriaroca.com\/?s={search_term_string}\"},\"query-input\":\"required name=search_term_string\"}],\"inLanguage\":\"es-CR\"},{\"@type\":\"Organization\",\"@id\":\"https:\/\/cerrajeriaroca.com\/#organization\",\"name\":\"Cerrajer\u00eda Roca\",\"url\":\"https:\/\/cerrajeriaroca.com\/\",\"logo\":{\"@type\":\"ImageObject\",\"inLanguage\":\"es-CR\",\"@id\":\"https:\/\/cerrajeriaroca.com\/#\/schema\/logo\/image\/\",\"url\":\"https:\/\/cerrajeriaroca.com\/wp-content\/uploads\/2022\/11\/cropped-305833807_483356283799480_1656865259070721198_n.png\",\"contentUrl\":\"https:\/\/cerrajeriaroca.com\/wp-content\/uploads\/2022\/11\/cropped-305833807_483356283799480_1656865259070721198_n.png\",\"width\":602,\"height\":602,\"caption\":\"Cerrajer\u00eda Roca\"},\"image\":{\"@id\":\"https:\/\/cerrajeriaroca.com\/#\/schema\/logo\/image\/\"},\"sameAs\":[\"https:\/\/www.facebook.com\/Alajuela.Cerrajeria.Roca\"]}]}<\/script>\n<!-- \/ Yoast SEO plugin. -->","yoast_head_json":{"title":"Nosotros - Cerrajer\u00eda Roca","description":"El correr de los a\u00f1os y los adelantos de la tecnolog\u00eda han hecho que proteger nuestros bienes sea cada d\u00eda m\u00e1s complejo.","robots":{"index":"index","follow":"follow","max-snippet":"max-snippet:-1","max-image-preview":"max-image-preview:large","max-video-preview":"max-video-preview:-1"},"canonical":"https:\/\/cerrajeriaroca.com\/index.php\/nosotros\/","og_locale":"es_ES","og_type":"article","og_title":"Nosotros - Cerrajer\u00eda Roca","og_description":"El correr de los a\u00f1os y los adelantos de la tecnolog\u00eda han hecho que proteger nuestros bienes sea cada d\u00eda m\u00e1s complejo.","og_url":"https:\/\/cerrajeriaroca.com\/index.php\/nosotros\/","og_site_name":"Cerrajer\u00eda Roca","article_publisher":"https:\/\/www.facebook.com\/Alajuela.Cerrajeria.Roca","article_modified_time":"2023-11-06T23:17:54+00:00","og_image":[{"url":"https:\/\/cerrajeriaroca.com\/wp-content\/uploads\/2022\/11\/jaye-haych-7tkDoo2L_Eg-unsplash-scaled-e1669327362374-673x1024.jpg"}],"twitter_card":"summary_large_image","twitter_misc":{"Est. reading time":"1 minuto"},"schema":{"@context":"https:\/\/schema.org","@graph":[{"@type":"WebPage","@id":"https:\/\/cerrajeriaroca.com\/index.php\/nosotros\/","url":"https:\/\/cerrajeriaroca.com\/index.php\/nosotros\/","name":"Nosotros - Cerrajer\u00eda Roca","isPartOf":{"@id":"https:\/\/cerrajeriaroca.com\/#website"},"datePublished":"2022-11-23T20:41:49+00:00","dateModified":"2023-11-06T23:17:54+00:00","description":"El correr de los a\u00f1os y los adelantos de la tecnolog\u00eda han hecho que proteger nuestros bienes sea cada d\u00eda m\u00e1s complejo.","breadcrumb":{"@id":"https:\/\/cerrajeriaroca.com\/index.php\/nosotros\/#breadcrumb"},"inLanguage":"es-CR","potentialAction":[{"@type":"ReadAction","target":["https:\/\/cerrajeriaroca.com\/index.php\/nosotros\/"]}]},{"@type":"BreadcrumbList","@id":"https:\/\/cerrajeriaroca.com\/index.php\/nosotros\/#breadcrumb","itemListElement":[{"@type":"ListItem","position":1,"name":"Portada","item":"https:\/\/cerrajeriaroca.com\/"},{"@type":"ListItem","position":2,"name":"Nosotros"}]},{"@type":"WebSite","@id":"https:\/\/cerrajeriaroca.com\/#website","url":"https:\/\/cerrajeriaroca.com\/","name":"Cerrajer\u00eda Roca","description":"Cerrajer\u00eda las 24 horas todos los d\u00edas del a\u00f1o.","publisher":{"@id":"https:\/\/cerrajeriaroca.com\/#organization"},"potentialAction":[{"@type":"SearchAction","target":{"@type":"EntryPoint","urlTemplate":"https:\/\/cerrajeriaroca.com\/?s={search_term_string}"},"query-input":"required name=search_term_string"}],"inLanguage":"es-CR"},{"@type":"Organization","@id":"https:\/\/cerrajeriaroca.com\/#organization","name":"Cerrajer\u00eda Roca","url":"https:\/\/cerrajeriaroca.com\/","logo":{"@type":"ImageObject","inLanguage":"es-CR","@id":"https:\/\/cerrajeriaroca.com\/#\/schema\/logo\/image\/","url":"https:\/\/cerrajeriaroca.com\/wp-content\/uploads\/2022\/11\/cropped-305833807_483356283799480_1656865259070721198_n.png","contentUrl":"https:\/\/cerrajeriaroca.com\/wp-content\/uploads\/2022\/11\/cropped-305833807_483356283799480_1656865259070721198_n.png","width":602,"height":602,"caption":"Cerrajer\u00eda Roca"},"image":{"@id":"https:\/\/cerrajeriaroca.com\/#\/schema\/logo\/image\/"},"sameAs":["https:\/\/www.facebook.com\/Alajuela.Cerrajeria.Roca"]}]}},"_links":{"self":[{"href":"https:\/\/cerrajeriaroca.com\/index.php\/wp-json\/wp\/v2\/pages\/18"}],"collection":[{"href":"https:\/\/cerrajeriaroca.com\/index.php\/wp-json\/wp\/v2\/pages"}],"about":[{"href":"https:\/\/cerrajeriaroca.com\/index.php\/wp-json\/wp\/v2\/types\/page"}],"author":[{"embeddable":true,"href":"https:\/\/cerrajeriaroca.com\/index.php\/wp-json\/wp\/v2\/users\/1"}],"replies":[{"embeddable":true,"href":"https:\/\/cerrajeriaroca.com\/index.php\/wp-json\/wp\/v2\/comments?post=18"}],"version-history":[{"count":21,"href":"https:\/\/cerrajeriaroca.com\/index.php\/wp-json\/wp\/v2\/pages\/18\/revisions"}],"predecessor-version":[{"id":558,"href":"https:\/\/cerrajeriaroca.com\/index.php\/wp-json\/wp\/v2\/pages\/18\/revisions\/558"}],"wp:attachment":[{"href":"https:\/\/cerrajeriaroca.com\/index.php\/wp-json\/wp\/v2\/media?parent=18"}],"curies":[{"name":"wp","href":"https:\/\/api.w.org\/{rel}","templated":true}]}}